{"id":25,"date":"2023-10-24T18:11:49","date_gmt":"2023-10-24T16:11:49","guid":{"rendered":"https:\/\/bluedatasec.com\/ciberseguridad\/?page_id=25"},"modified":"2024-07-29T16:38:28","modified_gmt":"2024-07-29T14:38:28","slug":"contacto","status":"publish","type":"page","link":"https:\/\/bluedatasec.com\/ciberseguridad\/contacto\/","title":{"rendered":"Contacto"},"content":{"rendered":"\n<div class=\"wp-block-cover alignfull is-light\" style=\"min-height:200px;aspect-ratio:unset;\"><span aria-hidden=\"true\" class=\"wp-block-cover__background has-nv-site-bg-background-color has-background-dim\"><\/span><img loading=\"lazy\" decoding=\"async\" width=\"1920\" height=\"960\" class=\"wp-block-cover__image-background wp-image-560\" alt=\"\" src=\"https:\/\/bluedatasec.com\/ciberseguridad\/wp-content\/uploads\/2024\/01\/contactus-bg-1.webp\" data-object-fit=\"cover\" srcset=\"https:\/\/bluedatasec.com\/ciberseguridad\/wp-content\/uploads\/2024\/01\/contactus-bg-1.webp 1920w, https:\/\/bluedatasec.com\/ciberseguridad\/wp-content\/uploads\/2024\/01\/contactus-bg-1-300x150.webp 300w, https:\/\/bluedatasec.com\/ciberseguridad\/wp-content\/uploads\/2024\/01\/contactus-bg-1-1024x512.webp 1024w, https:\/\/bluedatasec.com\/ciberseguridad\/wp-content\/uploads\/2024\/01\/contactus-bg-1-768x384.webp 768w, https:\/\/bluedatasec.com\/ciberseguridad\/wp-content\/uploads\/2024\/01\/contactus-bg-1-1536x768.webp 1536w\" sizes=\"auto, (max-width: 1920px) 100vw, 1920px\" \/><div class=\"wp-block-cover__inner-container is-layout-flow wp-block-cover-is-layout-flow\">\n<div class=\"wp-block-group\"><div class=\"wp-block-group__inner-container is-layout-flow wp-block-group-is-layout-flow\">\n<h1 class=\"wp-block-heading has-text-align-center has-text-align-left has-neve-text-color-color has-text-color\">Contacte con nosotros<\/h1>\n<\/div><\/div>\n<\/div><\/div>\n\n\n\n<div class=\"wp-block-cover alignfull is-light\" style=\"min-height:300px;aspect-ratio:unset;\"><span aria-hidden=\"true\" class=\"wp-block-cover__background has-nv-site-bg-background-color has-background-dim-100 has-background-dim\"><\/span><div class=\"wp-block-cover__inner-container is-layout-flow wp-block-cover-is-layout-flow\">\n<div class=\"wp-block-columns is-layout-flex wp-container-core-columns-is-layout-1 wp-block-columns-is-layout-flex\">\n<div class=\"wp-block-column is-layout-flow wp-block-column-is-layout-flow\">\n<h2 class=\"wp-block-heading has-text-align-center has-neve-text-color-color has-text-color\">\u00bfC\u00f3mo podemos ayudarle?<\/h2>\n\n\n\n<p class=\"has-text-align-center has-medium-font-size\">En <a href=\"https:\/\/bluedatasec.com\/ciberseguridad\/\" data-type=\"link\" data-id=\"https:\/\/bluedatasec.com\/ciberseguridad\/\">blueDataSec<\/a> estamos aqu\u00ed para ayudarle a proteger su negocio con nuestras soluciones avanzadas de ciberseguridad. Ya sea que tenga una pregunta, necesite asistencia t\u00e9cnica, o desee m\u00e1s informaci\u00f3n sobre nuestros servicios, nuestro equipo de expertos est\u00e1 a su disposici\u00f3n.<\/p>\n\n\n\n<div class=\"wp-block-buttons is-content-justification-center is-layout-flex wp-container-core-buttons-is-layout-1 wp-block-buttons-is-layout-flex\">\n<div class=\"wp-block-button is-style-default\"><a class=\"wp-block-button__link has-nv-site-bg-color has-text-color has-link-color wp-element-button\" href=\"mailto:info@bluedatasec.com?subject=ATENCION%20CLIENTE&amp;body=NOMBRE%20%2F%20EMPRESA%3A%20%0D%0A%0D%0AEMAIL%3A%20%0D%0A%0D%0ATELEFONO%20(OPCIONAL)%3A%20%0D%0A%0D%0A%C2%BFC%C3%93MO%20PODEMOS%20AYUDARLE%3F%20%0D%0A%0D%0A%0D%0A%0D%0A\">ESCR\u00cdBANOS<\/a><\/div>\n<\/div>\n<\/div>\n<\/div>\n<\/div><\/div>\n\n\n\n<div class=\"wp-block-cover alignfull is-light\" style=\"min-height:300px;aspect-ratio:unset;\"><span aria-hidden=\"true\" class=\"wp-block-cover__background has-nv-light-bg-background-color has-background-dim-100 has-background-dim\"><\/span><div class=\"wp-block-cover__inner-container is-layout-flow wp-block-cover-is-layout-flow\">\n<div class=\"wp-block-columns is-layout-flex wp-container-core-columns-is-layout-2 wp-block-columns-is-layout-flex\">\n<div class=\"wp-block-column is-layout-flow wp-block-column-is-layout-flow\">\n<h2 class=\"wp-block-heading has-text-align-center has-neve-text-color-color has-text-color\">Consultas y asesor\u00eda<\/h2>\n\n\n\n<p class=\"has-text-align-center has-medium-font-size\">Ofrecemos consultas y asesor\u00edas personalizadas en l\u00ednea para abordar sus necesidades espec\u00edficas de ciberseguridad. Ya sea a trav\u00e9s de videoconferencias o chat online, nuestros expertos est\u00e1n listos para ayudarle.<\/p>\n\n\n\n<div class=\"wp-block-buttons is-content-justification-center is-layout-flex wp-container-core-buttons-is-layout-2 wp-block-buttons-is-layout-flex\">\n<div class=\"wp-block-button is-style-default\"><a class=\"wp-block-button__link has-nv-site-bg-color has-text-color has-link-color wp-element-button\" href=\"mailto:info@bluedatasec.com?subject=ATENCION%20CLIENTE&amp;body=NOMBRE%20%2F%20EMPRESA%3A%20%0D%0A%0D%0AEMAIL%3A%20%0D%0A%0D%0ATELEFONO%20(OPCIONAL)%3A%20%0D%0A%0D%0A%C2%BFC%C3%93MO%20PODEMOS%20AYUDARLE%3F%20%0D%0A%0D%0A%0D%0A%0D%0A\">ESCR\u00cdBANOS SIN NING\u00daN COMPROMISO<\/a><\/div>\n<\/div>\n<\/div>\n<\/div>\n<\/div><\/div>\n\n\n\n<div class=\"wp-block-cover alignfull is-light\" style=\"min-height:400px;aspect-ratio:unset;\"><span aria-hidden=\"true\" class=\"wp-block-cover__background has-nv-site-bg-background-color has-background-dim-100 has-background-dim\"><\/span><div class=\"wp-block-cover__inner-container is-layout-flow wp-block-cover-is-layout-flow\">\n<div class=\"wp-block-columns is-layout-flex wp-container-core-columns-is-layout-3 wp-block-columns-is-layout-flex\">\n<div class=\"wp-block-column is-layout-flow wp-block-column-is-layout-flow\"><div class=\"wp-block-image\">\n<figure class=\"aligncenter size-full\"><img loading=\"lazy\" decoding=\"async\" width=\"200\" height=\"200\" src=\"https:\/\/bluedatasec.com\/ciberseguridad\/wp-content\/uploads\/2024\/01\/contactus-mail.webp\" alt=\"\" class=\"wp-image-553\" srcset=\"https:\/\/bluedatasec.com\/ciberseguridad\/wp-content\/uploads\/2024\/01\/contactus-mail.webp 200w, https:\/\/bluedatasec.com\/ciberseguridad\/wp-content\/uploads\/2024\/01\/contactus-mail-150x150.webp 150w\" sizes=\"auto, (max-width: 200px) 100vw, 200px\" \/><\/figure><\/div>\n\n\n<h3 class=\"wp-block-heading has-text-align-center has-neve-text-color-color has-text-color\">Email<\/h3>\n\n\n\n<p class=\"has-text-align-center has-medium-font-size\">info@bluedatasec.com<\/p>\n<\/div>\n\n\n\n<div class=\"wp-block-column is-layout-flow wp-block-column-is-layout-flow\"><div class=\"wp-block-image\">\n<figure class=\"aligncenter size-full\"><img loading=\"lazy\" decoding=\"async\" width=\"200\" height=\"200\" src=\"https:\/\/bluedatasec.com\/ciberseguridad\/wp-content\/uploads\/2024\/01\/contactus-loc.webp\" alt=\"\" class=\"wp-image-556\" srcset=\"https:\/\/bluedatasec.com\/ciberseguridad\/wp-content\/uploads\/2024\/01\/contactus-loc.webp 200w, https:\/\/bluedatasec.com\/ciberseguridad\/wp-content\/uploads\/2024\/01\/contactus-loc-150x150.webp 150w\" sizes=\"auto, (max-width: 200px) 100vw, 200px\" \/><\/figure><\/div>\n\n\n<h3 class=\"wp-block-heading has-text-align-center has-neve-text-color-color has-text-color\">Offices<\/h3>\n\n\n\n<p class=\"has-text-align-center has-neve-text-color-color has-text-color has-medium-font-size\">040 01 Ko\u0161ice \u2013 Eslovaquia<\/p>\n<\/div>\n<\/div>\n<\/div><\/div>\n","protected":false},"excerpt":{"rendered":"","protected":false},"author":1,"featured_media":0,"parent":0,"menu_order":0,"comment_status":"closed","ping_status":"closed","template":"","meta":{"neve_meta_sidebar":"","neve_meta_container":"","neve_meta_enable_content_width":"on","neve_meta_content_width":100,"neve_meta_title_alignment":"","neve_meta_author_avatar":"","neve_post_elements_order":"","neve_meta_disable_header":"","neve_meta_disable_footer":"","neve_meta_disable_title":"on","slim_seo":{"title":"P\u00f3ngase en contacto con nosotros","description":"Escr\u00edbanos y le asesoraremos para darle la mejor soluci\u00f3n de ciberseguridad"},"footnotes":""},"class_list":["post-25","page","type-page","status-publish","hentry"],"_links":{"self":[{"href":"https:\/\/bluedatasec.com\/ciberseguridad\/wp-json\/wp\/v2\/pages\/25","targetHints":{"allow":["GET"]}}],"collection":[{"href":"https:\/\/bluedatasec.com\/ciberseguridad\/wp-json\/wp\/v2\/pages"}],"about":[{"href":"https:\/\/bluedatasec.com\/ciberseguridad\/wp-json\/wp\/v2\/types\/page"}],"author":[{"embeddable":true,"href":"https:\/\/bluedatasec.com\/ciberseguridad\/wp-json\/wp\/v2\/users\/1"}],"replies":[{"embeddable":true,"href":"https:\/\/bluedatasec.com\/ciberseguridad\/wp-json\/wp\/v2\/comments?post=25"}],"version-history":[{"count":35,"href":"https:\/\/bluedatasec.com\/ciberseguridad\/wp-json\/wp\/v2\/pages\/25\/revisions"}],"predecessor-version":[{"id":1349,"href":"https:\/\/bluedatasec.com\/ciberseguridad\/wp-json\/wp\/v2\/pages\/25\/revisions\/1349"}],"wp:attachment":[{"href":"https:\/\/bluedatasec.com\/ciberseguridad\/wp-json\/wp\/v2\/media?parent=25"}],"curies":[{"name":"wp","href":"https:\/\/api.w.org\/{rel}","templated":true}]}}